{"id":81,"date":"2018-11-17T18:04:05","date_gmt":"2018-11-17T17:04:05","guid":{"rendered":"http:\/\/studio1111.fr\/wp\/?page_id=81"},"modified":"2024-05-19T20:50:20","modified_gmt":"2024-05-19T18:50:20","slug":"contre-collage","status":"publish","type":"page","link":"https:\/\/studio1111.fr\/wp\/contre-collage\/","title":{"rendered":"Contrecollage"},"content":{"rendered":"<div>\n<p>Notre service de contrecollage sur support rigide Dibond offre une solution \u00e9l\u00e9gante et durable pour pr\u00e9senter vos photographies et \u0153uvres artistiques. Le Dibond, un mat\u00e9riau composite compos\u00e9 de fines couches d&rsquo;aluminium et d&rsquo;un noyau en poly\u00e9thyl\u00e8ne, allie l\u00e9g\u00e8ret\u00e9 et robustesse. Id\u00e9al pour les expositions, galeries et d\u00e9cors int\u00e9rieurs, il garantit une pr\u00e9sentation professionnelle et contemporaine.<\/p>\n<p style=\"text-align: center;\"><img loading=\"lazy\" decoding=\"async\" class=\"alignnone size-full wp-image-470\" src=\"https:\/\/studio1111.fr\/wp\/wp-content\/uploads\/2018\/12\/DIBOND_bd2.jpg\" alt=\"\" width=\"960\" height=\"480\" srcset=\"https:\/\/studio1111.fr\/wp\/wp-content\/uploads\/2018\/12\/DIBOND_bd2.jpg 960w, https:\/\/studio1111.fr\/wp\/wp-content\/uploads\/2018\/12\/DIBOND_bd2-300x150.jpg 300w, https:\/\/studio1111.fr\/wp\/wp-content\/uploads\/2018\/12\/DIBOND_bd2-768x384.jpg 768w, https:\/\/studio1111.fr\/wp\/wp-content\/uploads\/2018\/12\/DIBOND_bd2-700x350.jpg 700w, https:\/\/studio1111.fr\/wp\/wp-content\/uploads\/2018\/12\/DIBOND_bd2-520x260.jpg 520w, https:\/\/studio1111.fr\/wp\/wp-content\/uploads\/2018\/12\/DIBOND_bd2-360x180.jpg 360w, https:\/\/studio1111.fr\/wp\/wp-content\/uploads\/2018\/12\/DIBOND_bd2-250x125.jpg 250w, https:\/\/studio1111.fr\/wp\/wp-content\/uploads\/2018\/12\/DIBOND_bd2-100x50.jpg 100w\" sizes=\"auto, (max-width: 960px) 100vw, 960px\" \/><\/p>\n<p>Le Dibond se distingue par sa durabilit\u00e9 exceptionnelle et sa r\u00e9sistance aux variations de temp\u00e9rature et d\u2019humidit\u00e9, assurant une stabilit\u00e9 parfaite sur le long terme. Sa l\u00e9g\u00e8ret\u00e9 facilite la manipulation et l\u2019installation des \u0153uvres. Le contrecollage sur Dibond offre une surface plane et lisse, mettant en valeur les d\u00e9tails les plus fins de vos impressions. Compatible avec divers formats et \u00e9paisseurs, il permet une grande flexibilit\u00e9 dans vos projets, des petites \u0153uvres aux grandes installations murales.<\/p>\n<p>Sur le plan esth\u00e9tique, le contrecollage sur Dibond propose une finition moderne et sophistiqu\u00e9e, parfaite pour tous les d\u00e9cors. Il cr\u00e9e un effet flottant qui ajoute une dimension suppl\u00e9mentaire \u00e0 l&rsquo;\u0153uvre. Ce proc\u00e9d\u00e9 prot\u00e8ge vos impressions contre les dommages m\u00e9caniques et l\u2019humidit\u00e9, prolongeant leur dur\u00e9e de vie et leur beaut\u00e9, id\u00e9al pour les \u0153uvres destin\u00e9es \u00e0 des expositions permanentes ou \u00e0 la vente.<\/p>\n<p><img loading=\"lazy\" decoding=\"async\" class=\"size-large wp-image-708 aligncenter\" src=\"https:\/\/studio1111.fr\/wp\/wp-content\/uploads\/2024\/05\/20240424_110507-1024x1024.jpg\" alt=\"\" width=\"640\" height=\"640\" srcset=\"https:\/\/studio1111.fr\/wp\/wp-content\/uploads\/2024\/05\/20240424_110507-1024x1024.jpg 1024w, https:\/\/studio1111.fr\/wp\/wp-content\/uploads\/2024\/05\/20240424_110507-300x300.jpg 300w, https:\/\/studio1111.fr\/wp\/wp-content\/uploads\/2024\/05\/20240424_110507-150x150.jpg 150w, https:\/\/studio1111.fr\/wp\/wp-content\/uploads\/2024\/05\/20240424_110507-768x768.jpg 768w, https:\/\/studio1111.fr\/wp\/wp-content\/uploads\/2024\/05\/20240424_110507-1536x1536.jpg 1536w, https:\/\/studio1111.fr\/wp\/wp-content\/uploads\/2024\/05\/20240424_110507-2048x2048.jpg 2048w, https:\/\/studio1111.fr\/wp\/wp-content\/uploads\/2024\/05\/20240424_110507-700x700.jpg 700w, https:\/\/studio1111.fr\/wp\/wp-content\/uploads\/2024\/05\/20240424_110507-520x520.jpg 520w, https:\/\/studio1111.fr\/wp\/wp-content\/uploads\/2024\/05\/20240424_110507-360x360.jpg 360w, https:\/\/studio1111.fr\/wp\/wp-content\/uploads\/2024\/05\/20240424_110507-250x250.jpg 250w, https:\/\/studio1111.fr\/wp\/wp-content\/uploads\/2024\/05\/20240424_110507-100x100.jpg 100w\" sizes=\"auto, (max-width: 640px) 100vw, 640px\" \/><\/p>\n<p>Les images contrecoll\u00e9es sur Dibond peuvent \u00eatre par la suite encadr\u00e9es avec une baguette classique ou mont\u00e9es dans des caisses am\u00e9ricaines. Nous proposons un syst\u00e8me innovant avec des fixations magn\u00e9tiques qui permet de conserver la caisse am\u00e9ricaine et de ne changer que l&rsquo;image contrecoll\u00e9e.<\/p>\n<p style=\"text-align: center;\"><img loading=\"lazy\" decoding=\"async\" class=\"alignnone size-large wp-image-707\" src=\"https:\/\/studio1111.fr\/wp\/wp-content\/uploads\/2024\/05\/20240424_110456-1024x1024.jpg\" alt=\"\" width=\"640\" height=\"640\" srcset=\"https:\/\/studio1111.fr\/wp\/wp-content\/uploads\/2024\/05\/20240424_110456-1024x1024.jpg 1024w, https:\/\/studio1111.fr\/wp\/wp-content\/uploads\/2024\/05\/20240424_110456-300x300.jpg 300w, https:\/\/studio1111.fr\/wp\/wp-content\/uploads\/2024\/05\/20240424_110456-150x150.jpg 150w, https:\/\/studio1111.fr\/wp\/wp-content\/uploads\/2024\/05\/20240424_110456-768x768.jpg 768w, https:\/\/studio1111.fr\/wp\/wp-content\/uploads\/2024\/05\/20240424_110456-1536x1536.jpg 1536w, https:\/\/studio1111.fr\/wp\/wp-content\/uploads\/2024\/05\/20240424_110456-2048x2048.jpg 2048w, https:\/\/studio1111.fr\/wp\/wp-content\/uploads\/2024\/05\/20240424_110456-700x700.jpg 700w, https:\/\/studio1111.fr\/wp\/wp-content\/uploads\/2024\/05\/20240424_110456-520x520.jpg 520w, https:\/\/studio1111.fr\/wp\/wp-content\/uploads\/2024\/05\/20240424_110456-360x360.jpg 360w, https:\/\/studio1111.fr\/wp\/wp-content\/uploads\/2024\/05\/20240424_110456-250x250.jpg 250w, https:\/\/studio1111.fr\/wp\/wp-content\/uploads\/2024\/05\/20240424_110456-100x100.jpg 100w\" sizes=\"auto, (max-width: 640px) 100vw, 640px\" \/><\/p>\n<p>Opter pour notre service de contrecollage sur support rigide Dibond, c\u2019est choisir une solution de pr\u00e9sentation de haute qualit\u00e9 qui sublime vos \u0153uvres et capte l\u2019attention de votre public.<\/p>\n<\/div>\n","protected":false},"excerpt":{"rendered":"<p>Notre service de contrecollage sur support rigide Dibond offre une solution \u00e9l\u00e9gante et durable pour pr\u00e9senter vos photographies et \u0153uvres artistiques. Le Dibond, un mat\u00e9riau composite compos\u00e9 de fines couches [&hellip;]<\/p>\n","protected":false},"author":1,"featured_media":298,"parent":0,"menu_order":3,"comment_status":"closed","ping_status":"closed","template":"page-templates\/single-service.php","meta":{"_exactmetrics_skip_tracking":false,"_exactmetrics_sitenote_active":false,"_exactmetrics_sitenote_note":"","_exactmetrics_sitenote_category":0,"footnotes":""},"class_list":["post-81","page","type-page","status-publish","has-post-thumbnail","hentry","clearfix"],"_links":{"self":[{"href":"https:\/\/studio1111.fr\/wp\/wp-json\/wp\/v2\/pages\/81","targetHints":{"allow":["GET"]}}],"collection":[{"href":"https:\/\/studio1111.fr\/wp\/wp-json\/wp\/v2\/pages"}],"about":[{"href":"https:\/\/studio1111.fr\/wp\/wp-json\/wp\/v2\/types\/page"}],"author":[{"embeddable":true,"href":"https:\/\/studio1111.fr\/wp\/wp-json\/wp\/v2\/users\/1"}],"replies":[{"embeddable":true,"href":"https:\/\/studio1111.fr\/wp\/wp-json\/wp\/v2\/comments?post=81"}],"version-history":[{"count":7,"href":"https:\/\/studio1111.fr\/wp\/wp-json\/wp\/v2\/pages\/81\/revisions"}],"predecessor-version":[{"id":709,"href":"https:\/\/studio1111.fr\/wp\/wp-json\/wp\/v2\/pages\/81\/revisions\/709"}],"wp:featuredmedia":[{"embeddable":true,"href":"https:\/\/studio1111.fr\/wp\/wp-json\/wp\/v2\/media\/298"}],"wp:attachment":[{"href":"https:\/\/studio1111.fr\/wp\/wp-json\/wp\/v2\/media?parent=81"}],"curies":[{"name":"wp","href":"https:\/\/api.w.org\/{rel}","templated":true}]}}